{"id":686,"date":"2026-03-24T13:31:21","date_gmt":"2026-03-24T12:31:21","guid":{"rendered":"https:\/\/lamaisondesproprietaires.fr\/?page_id=686"},"modified":"2026-03-25T08:13:06","modified_gmt":"2026-03-25T07:13:06","slug":"boite-a-outils","status":"publish","type":"page","link":"https:\/\/lamaisondesproprietaires.fr\/index.php\/boite-a-outils\/","title":{"rendered":"Bo\u00eete \u00e0 Outils"},"content":{"rendered":"\n\n\n\n","protected":false},"excerpt":{"rendered":"","protected":false},"author":2,"featured_media":0,"parent":0,"menu_order":0,"comment_status":"closed","ping_status":"closed","template":"","meta":{"saved_in_kubio":true,"_price":"","_stock":"","_tribe_ticket_header":"","_tribe_default_ticket_provider":"","_tribe_ticket_capacity":"0","_ticket_start_date":"","_ticket_end_date":"","_tribe_ticket_show_description":"","_tribe_ticket_show_not_going":false,"_tribe_ticket_use_global_stock":"","_tribe_ticket_global_stock_level":"","_global_stock_mode":"","_global_stock_cap":"","_tribe_rsvp_for_event":"","_tribe_ticket_going_count":"","_tribe_ticket_not_going_count":"","_tribe_tickets_list":"[]","_tribe_ticket_has_attendee_info_fields":false,"_EventAllDay":false,"_EventTimezone":"","_EventStartDate":"","_EventEndDate":"","_EventStartDateUTC":"","_EventEndDateUTC":"","_EventShowMap":false,"_EventShowMapLink":false,"_EventURL":"","_EventCost":"","_EventCostDescription":"","_EventCurrencySymbol":"","_EventCurrencyCode":"","_EventCurrencyPosition":"","_EventDateTimeSeparator":"","_EventTimeRangeSeparator":"","_EventOrganizerID":[],"_EventVenueID":[],"_OrganizerEmail":"","_OrganizerPhone":"","_OrganizerWebsite":"","_VenueAddress":"","_VenueCity":"","_VenueCountry":"","_VenueProvince":"","_VenueState":"","_VenueZip":"","_VenuePhone":"","_VenueURL":"","_VenueStateProvince":"","_VenueLat":"","_VenueLng":"","_VenueShowMap":false,"_VenueShowMapLink":false,"footnotes":"","_tec_slr_enabled":"","_tec_slr_layout":""},"class_list":["post-686","page","type-page","status-publish","hentry"],"kubio_ai_page_context":{"short_desc":"","purpose":"general"},"yoast_head":"<!-- This site is optimized with the Yoast SEO plugin v27.3 - https:\/\/yoast.com\/product\/yoast-seo-wordpress\/ -->\n<title>Bo\u00eete \u00e0 Outils - La maison des propri\u00e9taires<\/title>\n<meta name=\"robots\" content=\"index, follow, max-snippet:-1, max-image-preview:large, max-video-preview:-1\" \/>\n<link rel=\"canonical\" href=\"https:\/\/lamaisondesproprietaires.fr\/index.php\/boite-a-outils\/\" \/>\n<meta property=\"og:locale\" content=\"fr_FR\" \/>\n<meta property=\"og:type\" content=\"article\" \/>\n<meta property=\"og:title\" content=\"Bo\u00eete \u00e0 Outils - La maison des propri\u00e9taires\" \/>\n<meta property=\"og:url\" content=\"https:\/\/lamaisondesproprietaires.fr\/index.php\/boite-a-outils\/\" \/>\n<meta property=\"og:site_name\" content=\"La maison des propri\u00e9taires\" \/>\n<meta property=\"article:modified_time\" content=\"2026-03-25T07:13:06+00:00\" \/>\n<meta name=\"twitter:card\" content=\"summary_large_image\" \/>\n<meta name=\"twitter:label1\" content=\"Dur\u00e9e de lecture estim\u00e9e\" \/>\n\t<meta name=\"twitter:data1\" content=\"2 minutes\" \/>\n<script type=\"application\/ld+json\" class=\"yoast-schema-graph\">{\"@context\":\"https:\\\/\\\/schema.org\",\"@graph\":[{\"@type\":\"WebPage\",\"@id\":\"https:\\\/\\\/lamaisondesproprietaires.fr\\\/index.php\\\/boite-a-outils\\\/\",\"url\":\"https:\\\/\\\/lamaisondesproprietaires.fr\\\/index.php\\\/boite-a-outils\\\/\",\"name\":\"Bo\u00eete \u00e0 Outils - La maison des propri\u00e9taires\",\"isPartOf\":{\"@id\":\"https:\\\/\\\/lamaisondesproprietaires.fr\\\/#website\"},\"datePublished\":\"2026-03-24T12:31:21+00:00\",\"dateModified\":\"2026-03-25T07:13:06+00:00\",\"breadcrumb\":{\"@id\":\"https:\\\/\\\/lamaisondesproprietaires.fr\\\/index.php\\\/boite-a-outils\\\/#breadcrumb\"},\"inLanguage\":\"fr-FR\",\"potentialAction\":[{\"@type\":\"ReadAction\",\"target\":[\"https:\\\/\\\/lamaisondesproprietaires.fr\\\/index.php\\\/boite-a-outils\\\/\"]}]},{\"@type\":\"BreadcrumbList\",\"@id\":\"https:\\\/\\\/lamaisondesproprietaires.fr\\\/index.php\\\/boite-a-outils\\\/#breadcrumb\",\"itemListElement\":[{\"@type\":\"ListItem\",\"position\":1,\"name\":\"Accueil\",\"item\":\"https:\\\/\\\/lamaisondesproprietaires.fr\\\/\"},{\"@type\":\"ListItem\",\"position\":2,\"name\":\"Bo\u00eete \u00e0 Outils\"}]},{\"@type\":\"WebSite\",\"@id\":\"https:\\\/\\\/lamaisondesproprietaires.fr\\\/#website\",\"url\":\"https:\\\/\\\/lamaisondesproprietaires.fr\\\/\",\"name\":\"La maison des propri\u00e9taires\",\"description\":\"Votre r\u00e9sidence secondaire est une opportunit\u00e9 de rentabilit\u00e9\",\"publisher\":{\"@id\":\"https:\\\/\\\/lamaisondesproprietaires.fr\\\/#organization\"},\"potentialAction\":[{\"@type\":\"SearchAction\",\"target\":{\"@type\":\"EntryPoint\",\"urlTemplate\":\"https:\\\/\\\/lamaisondesproprietaires.fr\\\/?s={search_term_string}\"},\"query-input\":{\"@type\":\"PropertyValueSpecification\",\"valueRequired\":true,\"valueName\":\"search_term_string\"}}],\"inLanguage\":\"fr-FR\"},{\"@type\":\"Organization\",\"@id\":\"https:\\\/\\\/lamaisondesproprietaires.fr\\\/#organization\",\"name\":\"La maison des propri\u00e9taires\",\"url\":\"https:\\\/\\\/lamaisondesproprietaires.fr\\\/\",\"logo\":{\"@type\":\"ImageObject\",\"inLanguage\":\"fr-FR\",\"@id\":\"https:\\\/\\\/lamaisondesproprietaires.fr\\\/#\\\/schema\\\/logo\\\/image\\\/\",\"url\":\"https:\\\/\\\/lamaisondesproprietaires.fr\\\/wp-content\\\/uploads\\\/2025\\\/11\\\/Logo-La-Maison-des-Proprietaires-11-2025.png\",\"contentUrl\":\"https:\\\/\\\/lamaisondesproprietaires.fr\\\/wp-content\\\/uploads\\\/2025\\\/11\\\/Logo-La-Maison-des-Proprietaires-11-2025.png\",\"width\":985,\"height\":379,\"caption\":\"La maison des propri\u00e9taires\"},\"image\":{\"@id\":\"https:\\\/\\\/lamaisondesproprietaires.fr\\\/#\\\/schema\\\/logo\\\/image\\\/\"}}]}<\/script>\n<!-- \/ Yoast SEO plugin. -->","yoast_head_json":{"title":"Bo\u00eete \u00e0 Outils - La maison des propri\u00e9taires","robots":{"index":"index","follow":"follow","max-snippet":"max-snippet:-1","max-image-preview":"max-image-preview:large","max-video-preview":"max-video-preview:-1"},"canonical":"https:\/\/lamaisondesproprietaires.fr\/index.php\/boite-a-outils\/","og_locale":"fr_FR","og_type":"article","og_title":"Bo\u00eete \u00e0 Outils - La maison des propri\u00e9taires","og_url":"https:\/\/lamaisondesproprietaires.fr\/index.php\/boite-a-outils\/","og_site_name":"La maison des propri\u00e9taires","article_modified_time":"2026-03-25T07:13:06+00:00","twitter_card":"summary_large_image","twitter_misc":{"Dur\u00e9e de lecture estim\u00e9e":"2 minutes"},"schema":{"@context":"https:\/\/schema.org","@graph":[{"@type":"WebPage","@id":"https:\/\/lamaisondesproprietaires.fr\/index.php\/boite-a-outils\/","url":"https:\/\/lamaisondesproprietaires.fr\/index.php\/boite-a-outils\/","name":"Bo\u00eete \u00e0 Outils - La maison des propri\u00e9taires","isPartOf":{"@id":"https:\/\/lamaisondesproprietaires.fr\/#website"},"datePublished":"2026-03-24T12:31:21+00:00","dateModified":"2026-03-25T07:13:06+00:00","breadcrumb":{"@id":"https:\/\/lamaisondesproprietaires.fr\/index.php\/boite-a-outils\/#breadcrumb"},"inLanguage":"fr-FR","potentialAction":[{"@type":"ReadAction","target":["https:\/\/lamaisondesproprietaires.fr\/index.php\/boite-a-outils\/"]}]},{"@type":"BreadcrumbList","@id":"https:\/\/lamaisondesproprietaires.fr\/index.php\/boite-a-outils\/#breadcrumb","itemListElement":[{"@type":"ListItem","position":1,"name":"Accueil","item":"https:\/\/lamaisondesproprietaires.fr\/"},{"@type":"ListItem","position":2,"name":"Bo\u00eete \u00e0 Outils"}]},{"@type":"WebSite","@id":"https:\/\/lamaisondesproprietaires.fr\/#website","url":"https:\/\/lamaisondesproprietaires.fr\/","name":"La maison des propri\u00e9taires","description":"Votre r\u00e9sidence secondaire est une opportunit\u00e9 de rentabilit\u00e9","publisher":{"@id":"https:\/\/lamaisondesproprietaires.fr\/#organization"},"potentialAction":[{"@type":"SearchAction","target":{"@type":"EntryPoint","urlTemplate":"https:\/\/lamaisondesproprietaires.fr\/?s={search_term_string}"},"query-input":{"@type":"PropertyValueSpecification","valueRequired":true,"valueName":"search_term_string"}}],"inLanguage":"fr-FR"},{"@type":"Organization","@id":"https:\/\/lamaisondesproprietaires.fr\/#organization","name":"La maison des propri\u00e9taires","url":"https:\/\/lamaisondesproprietaires.fr\/","logo":{"@type":"ImageObject","inLanguage":"fr-FR","@id":"https:\/\/lamaisondesproprietaires.fr\/#\/schema\/logo\/image\/","url":"https:\/\/lamaisondesproprietaires.fr\/wp-content\/uploads\/2025\/11\/Logo-La-Maison-des-Proprietaires-11-2025.png","contentUrl":"https:\/\/lamaisondesproprietaires.fr\/wp-content\/uploads\/2025\/11\/Logo-La-Maison-des-Proprietaires-11-2025.png","width":985,"height":379,"caption":"La maison des propri\u00e9taires"},"image":{"@id":"https:\/\/lamaisondesproprietaires.fr\/#\/schema\/logo\/image\/"}}]}},"ticketed":false,"_links":{"self":[{"href":"https:\/\/lamaisondesproprietaires.fr\/index.php\/wp-json\/wp\/v2\/pages\/686","targetHints":{"allow":["GET"]}}],"collection":[{"href":"https:\/\/lamaisondesproprietaires.fr\/index.php\/wp-json\/wp\/v2\/pages"}],"about":[{"href":"https:\/\/lamaisondesproprietaires.fr\/index.php\/wp-json\/wp\/v2\/types\/page"}],"author":[{"embeddable":true,"href":"https:\/\/lamaisondesproprietaires.fr\/index.php\/wp-json\/wp\/v2\/users\/2"}],"replies":[{"embeddable":true,"href":"https:\/\/lamaisondesproprietaires.fr\/index.php\/wp-json\/wp\/v2\/comments?post=686"}],"version-history":[{"count":25,"href":"https:\/\/lamaisondesproprietaires.fr\/index.php\/wp-json\/wp\/v2\/pages\/686\/revisions"}],"predecessor-version":[{"id":769,"href":"https:\/\/lamaisondesproprietaires.fr\/index.php\/wp-json\/wp\/v2\/pages\/686\/revisions\/769"}],"wp:attachment":[{"href":"https:\/\/lamaisondesproprietaires.fr\/index.php\/wp-json\/wp\/v2\/media?parent=686"}],"curies":[{"name":"wp","href":"https:\/\/api.w.org\/{rel}","templated":true}]}}